{"id":1090,"date":"2021-09-17T01:29:52","date_gmt":"2021-09-17T04:29:52","guid":{"rendered":"https:\/\/elmundodelosmunicipios.com\/web\/?page_id=1090"},"modified":"2022-01-12T21:47:35","modified_gmt":"2022-01-13T00:47:35","slug":"quienes-somos","status":"publish","type":"page","link":"https:\/\/elmundodelosmunicipios.com\/web\/?page_id=1090","title":{"rendered":"ELMM-02-Quienes Somos"},"content":{"rendered":"\t\t<div data-elementor-type=\"wp-page\" data-elementor-id=\"1090\" class=\"elementor elementor-1090\" data-elementor-settings=\"{&quot;ha_cmc_init_switcher&quot;:&quot;no&quot;}\">\n\t\t\t\t\t\t<section class=\"has_eae_slider elementor-section elementor-top-section elementor-element elementor-element-4c25c28 elementor-section-full_width elementor-section-height-default elementor-section-height-default wpr-particle-no wpr-jarallax-no wpr-parallax-no wpr-sticky-section-no jltma-glass-effect-no wpr-equal-height-no\" data-eae-slider=\"78576\" data-id=\"4c25c28\" data-element_type=\"section\" data-e-type=\"section\" data-settings=\"{&quot;_ha_eqh_enable&quot;:false}\">\n\t\t\t\t\t\t<div class=\"elementor-container elementor-column-gap-default\">\n\t\t\t\t\t<div class=\"has_eae_slider elementor-column elementor-col-100 elementor-top-column elementor-element elementor-element-38be09a jltma-glass-effect-no\" data-eae-slider=\"29042\" data-id=\"38be09a\" data-element_type=\"column\" data-e-type=\"column\">\n\t\t\t<div class=\"elementor-widget-wrap elementor-element-populated\">\n\t\t\t\t\t\t<div class=\"elementor-element elementor-element-18918fd jltma-glass-effect-no elementor-widget elementor-widget-spacer\" data-id=\"18918fd\" data-element_type=\"widget\" data-e-type=\"widget\" data-widget_type=\"spacer.default\">\n\t\t\t\t<div class=\"elementor-widget-container\">\n\t\t\t\t\t\t\t<div class=\"elementor-spacer\">\n\t\t\t<div class=\"elementor-spacer-inner\"><\/div>\n\t\t<\/div>\n\t\t\t\t\t\t<\/div>\n\t\t\t\t<\/div>\n\t\t\t\t<section class=\"has_eae_slider elementor-section elementor-inner-section elementor-element elementor-element-cc2cdc4 elementor-section-boxed elementor-section-height-default elementor-section-height-default wpr-particle-no wpr-jarallax-no wpr-parallax-no wpr-sticky-section-no jltma-glass-effect-no wpr-equal-height-no\" data-eae-slider=\"70872\" data-id=\"cc2cdc4\" data-element_type=\"section\" data-e-type=\"section\" data-settings=\"{&quot;background_background&quot;:&quot;classic&quot;,&quot;_ha_eqh_enable&quot;:false}\">\n\t\t\t\t\t\t<div class=\"elementor-container elementor-column-gap-default\">\n\t\t\t\t\t<div class=\"has_eae_slider elementor-column elementor-col-100 elementor-inner-column elementor-element elementor-element-211a2a2 jltma-glass-effect-no\" data-eae-slider=\"63615\" data-id=\"211a2a2\" data-element_type=\"column\" data-e-type=\"column\">\n\t\t\t<div class=\"elementor-widget-wrap elementor-element-populated\">\n\t\t\t\t\t\t<div class=\"elementor-element elementor-element-d4f9381 jltma-glass-effect-no elementor-widget elementor-widget-heading\" data-id=\"d4f9381\" data-element_type=\"widget\" data-e-type=\"widget\" data-widget_type=\"heading.default\">\n\t\t\t\t<div class=\"elementor-widget-container\">\n\t\t\t\t\t<h2 class=\"elementor-heading-title elementor-size-xl\">ACERCA DE NOSOTROS<\/h2>\t\t\t\t<\/div>\n\t\t\t\t<\/div>\n\t\t\t\t\t<\/div>\n\t\t<\/div>\n\t\t\t\t\t<\/div>\n\t\t<\/section>\n\t\t\t\t\t<\/div>\n\t\t<\/div>\n\t\t\t\t\t<\/div>\n\t\t<\/section>\n\t\t\t\t<section class=\"has_eae_slider elementor-section elementor-top-section elementor-element elementor-element-d1bf53f jltma-particle-yes elementor-section-boxed elementor-section-height-default elementor-section-height-default wpr-particle-no wpr-jarallax-no wpr-parallax-no wpr-sticky-section-no jltma-glass-effect-no wpr-equal-height-no\" data-eae-slider=\"34319\" data-jltma-particle=\"{&quot;particles&quot;:{&quot;number&quot;:{&quot;value&quot;:128,&quot;density&quot;:{&quot;enable&quot;:true,&quot;value_area&quot;:1420.4657549380909}},&quot;color&quot;:{&quot;value&quot;:&quot;#3c649b&quot;},&quot;shape&quot;:{&quot;type&quot;:&quot;circle&quot;,&quot;stroke&quot;:{&quot;width&quot;:0,&quot;color&quot;:&quot;#000000&quot;},&quot;polygon&quot;:{&quot;nb_sides&quot;:6},&quot;image&quot;:{&quot;src&quot;:&quot;img\\\/github.svg&quot;,&quot;width&quot;:100,&quot;height&quot;:100}},&quot;opacity&quot;:{&quot;value&quot;:0.3314420094855545,&quot;random&quot;:false,&quot;anim&quot;:{&quot;enable&quot;:false,&quot;speed&quot;:0.5,&quot;opacity_min&quot;:0.1,&quot;sync&quot;:false}},&quot;size&quot;:{&quot;value&quot;:4,&quot;random&quot;:true,&quot;anim&quot;:{&quot;enable&quot;:false,&quot;speed&quot;:40,&quot;size_min&quot;:0.1,&quot;sync&quot;:false}},&quot;line_linked&quot;:{&quot;enable&quot;:true,&quot;distance&quot;:150,&quot;color&quot;:&quot;#386aaf&quot;,&quot;opacity&quot;:0.29987610382026364,&quot;width&quot;:1},&quot;move&quot;:{&quot;enable&quot;:true,&quot;speed&quot;:6,&quot;direction&quot;:&quot;none&quot;,&quot;random&quot;:false,&quot;straight&quot;:false,&quot;out_mode&quot;:&quot;out&quot;,&quot;bounce&quot;:false,&quot;attract&quot;:{&quot;enable&quot;:false,&quot;rotateX&quot;:600,&quot;rotateY&quot;:1200}}},&quot;interactivity&quot;:{&quot;detect_on&quot;:&quot;canvas&quot;,&quot;events&quot;:{&quot;onhover&quot;:{&quot;enable&quot;:true,&quot;mode&quot;:&quot;grab&quot;},&quot;onclick&quot;:{&quot;enable&quot;:true,&quot;mode&quot;:&quot;repulse&quot;},&quot;resize&quot;:true},&quot;modes&quot;:{&quot;grab&quot;:{&quot;distance&quot;:400,&quot;line_linked&quot;:{&quot;opacity&quot;:1}},&quot;bubble&quot;:{&quot;distance&quot;:400,&quot;size&quot;:40,&quot;duration&quot;:2,&quot;opacity&quot;:8,&quot;speed&quot;:3},&quot;repulse&quot;:{&quot;distance&quot;:200,&quot;duration&quot;:0.4},&quot;push&quot;:{&quot;particles_nb&quot;:4},&quot;remove&quot;:{&quot;particles_nb&quot;:2}}},&quot;retina_detect&quot;:true}\" data-jltma-particle-zindex=\"0\" data-id=\"d1bf53f\" data-element_type=\"section\" data-e-type=\"section\" data-settings=\"{&quot;ma_el_particle_area_zindex&quot;:0,&quot;_ha_eqh_enable&quot;:false}\">\n\t\t\t\t\t\t<div class=\"elementor-container elementor-column-gap-default\">\n\t\t\t\t\t<div class=\"has_eae_slider elementor-column elementor-col-100 elementor-top-column elementor-element elementor-element-492ff11 jltma-glass-effect-no\" data-eae-slider=\"12594\" data-id=\"492ff11\" data-element_type=\"column\" data-e-type=\"column\" data-settings=\"{&quot;background_background&quot;:&quot;classic&quot;}\">\n\t\t\t<div class=\"elementor-widget-wrap elementor-element-populated\">\n\t\t\t\t\t\t<div class=\"elementor-element elementor-element-fd86de3 jltma-glass-effect-no elementor-widget elementor-widget-image\" data-id=\"fd86de3\" data-element_type=\"widget\" data-e-type=\"widget\" data-widget_type=\"image.default\">\n\t\t\t\t<div class=\"elementor-widget-container\">\n\t\t\t\t\t\t\t\t\t\t\t\t\t\t\t<img decoding=\"async\" src=\"https:\/\/elmundodelosmunicipios.com\/web\/wp-content\/uploads\/elementor\/thumbs\/logo_trans_horizontal-pczjluhgrad4osg1ktbbfb8j8lfr3pviems9jj2m6o.png\" title=\"logo_trans_horizontal\" alt=\"logo_trans_horizontal\" loading=\"lazy\" \/>\t\t\t\t\t\t\t\t\t\t\t\t\t\t\t<\/div>\n\t\t\t\t<\/div>\n\t\t\t\t<div class=\"elementor-element elementor-element-6844866 text-justify jltma-glass-effect-no elementor-widget elementor-widget-text-editor\" data-id=\"6844866\" data-element_type=\"widget\" data-e-type=\"widget\" data-widget_type=\"text-editor.default\">\n\t\t\t\t<div class=\"elementor-widget-container\">\n\t\t\t\t\t\t\t\t\t<p class=\"text-justify\">\n\n<b>El Municipio y la comunidad<\/b> <br><br>\n\nLa primera instancia de gobierno, y la fundamental es EL MUNICIPIO. Es el v\u00ednculo entre los gobernantes y los gobernados, es el m\u00e1s estrecho entre las diversas instancias relacionadas en todos los niveles de una Naci\u00f3n. La informaci\u00f3n respecto a los distintos actos que hacen a la cotidianeidad local es fundamental para que cada una de las acciones. los planes de actividades, el futuro previsto, est\u00e9 en conocimiento de todos y al mismo tiempo la sociedad, el vecino, el pueblo al fin, que pueda participar y sentirse integrado a su lugar de vida y las acciones que hacen a su bienestar, a sus expectativas. <br><br>\n\nConocer la historia de su lugar, es sin duda para los habitantes fundamental, pues all\u00ed descubrir\u00e1n las razones que condicionan cualquier realidad. <br><br>\n\nSentirse integrado es tal vez, lo que m\u00e1s contribuye a percibir que la acci\u00f3n del gobernante, en quien deposit\u00f3 su confianza, es su propia acci\u00f3n y que depende de su propio rol el \u00e9xito de la gesti\u00f3n en la que confi\u00f3. <br><br>\n\nEl Mundo de los Municipios, desde su primera edici\u00f3n tiene la intenci\u00f3n de convertirse en un medio que refleje, en primer lugar, los antecedentes, la historia y sus hitos, las personalidades destacadas en los diversos \u00e1mbitos, luego los pasos de administraci\u00f3n de gobierno, donde se vean reflejadas las premisas enunciadas, donde las inquietudes y demandas de los vecinos muestren una estrecha interrelaci\u00f3n con quienes son sus representantes y en el cual estos puedan tambi\u00e9n mostrar sus empe\u00f1os y sus logros y cuando corresponda y sea necesario, apelen a la participaci\u00f3n de sus gobernadores, en un verdadero dialogo abierto, con el objeto de arribar a las mejores condiciones de convivencia. <br><br>\n\nEn el equipo de gobierno debe ser absolutamente claro que los nexos entre su labor y los habitantes son IMPRESCINDIBLES; por ese motivo tiene suma importancia fomentar el contacto directo entre los representantes municipales y los vecinos. En este sentido creemos que tambi\u00e9n es necesario facilitar las herramientas para qu\u00e9 todos puedan acceder a la informaci\u00f3n, los vecinos puedan recibir y conocer la rese\u00f1a de todo lo que acontece en su municipio. <br><br>\n\nAl fin. \u00bfQu\u00e9 es lo que quieren los habitantes para su localidad y como lo quieren? Esa es la cuesti\u00f3n fundamental. Deber\u00e1n entonces los vecinos ser capaces de consensuar y ponerse de acuerdo en la elaboraci\u00f3n de cualquier Plan que propongan los gobernantes locales. Y, para ello, es imprescindible contar con todos en la adopci\u00f3n de una serie de iniciativas, promocionar adecuada y eficazmente la cultura local, el desarrollo socioecon\u00f3mico, en el \u00e1mbito del deporte, del medioambiental\u2026, foment\u00e1ndolos correctamente para generar riqueza y bienestar en la localidad; finalmente la casa de todos. <br><br>\n\n<\/p>\t\t\t\t\t\t\t\t<\/div>\n\t\t\t\t<\/div>\n\t\t\t\t<div class=\"elementor-element elementor-element-abc44b8 jltma-glass-effect-no elementor-widget elementor-widget-heading\" data-id=\"abc44b8\" data-element_type=\"widget\" data-e-type=\"widget\" data-widget_type=\"heading.default\">\n\t\t\t\t<div class=\"elementor-widget-container\">\n\t\t\t\t\t<h2 class=\"elementor-heading-title elementor-size-default\">Roberto Val Pardo <br>\n<b>DIRECTOR GENERAL Y EDITOR<\/b><\/h2>\t\t\t\t<\/div>\n\t\t\t\t<\/div>\n\t\t\t\t\t<\/div>\n\t\t<\/div>\n\t\t\t\t\t<\/div>\n\t\t<\/section>\n\t\t        <style>\n        .elementor-element-d1bf53f.jltma-particle-yes{position:relative;overflow:hidden;}\n        .elementor-element-d1bf53f .jltma-particle-wrapper{position:absolute;top:0;left:0;width:100%;height:100%;overflow:hidden;pointer-events:none;z-index:0;}\n        .elementor-element-d1bf53f .jltma-particle-wrapper>canvas{position:absolute;top:0;left:0;width:100%!important;height:100%!important;pointer-events:none;}\n        <\/style>\n        \t\t<\/div>\n\t\t","protected":false},"excerpt":{"rendered":"<p>ACERCA DE NOSOTROS El Municipio y la comunidad La primera instancia de gobierno, y la fundamental es EL MUNICIPIO. Es el v\u00ednculo entre los gobernantes y los gobernados, es el m\u00e1s estrecho entre las diversas instancias relacionadas en todos los niveles de una Naci\u00f3n. La informaci\u00f3n respecto a los distintos actos que hacen a la cotidianeidad local es fundamental para que cada una de las acciones. los planes de actividades, el futuro previsto, est\u00e9 en conocimiento de todos y al mismo tiempo la sociedad, el vecino, el pueblo al fin, que pueda participar y sentirse integrado a su lugar de vida y las acciones que hacen a su bienestar, a sus expectativas. Conocer la historia de su lugar, es sin duda para los habitantes fundamental, pues all\u00ed descubrir\u00e1n las razones que condicionan cualquier realidad. Sentirse integrado es tal vez, lo que m\u00e1s contribuye a percibir que la acci\u00f3n del gobernante, en quien deposit\u00f3 su confianza, es su propia acci\u00f3n y que depende de su propio rol el \u00e9xito de la gesti\u00f3n en la que confi\u00f3. El Mundo de los Municipios, desde su primera edici\u00f3n tiene la intenci\u00f3n de convertirse en un medio que refleje, en primer lugar, los antecedentes, la historia y sus hitos, las personalidades destacadas en los diversos \u00e1mbitos, luego los pasos de administraci\u00f3n de gobierno, donde se vean reflejadas las premisas enunciadas, donde las inquietudes y demandas de los vecinos muestren una estrecha interrelaci\u00f3n con quienes son sus representantes y en el cual estos puedan tambi\u00e9n mostrar sus empe\u00f1os y sus logros y cuando corresponda y sea necesario, apelen a la participaci\u00f3n de sus gobernadores, en un verdadero dialogo abierto, con el objeto de arribar a las mejores condiciones de convivencia. En el equipo de gobierno debe ser absolutamente claro que los nexos entre su labor y los habitantes son IMPRESCINDIBLES; por ese motivo tiene suma importancia fomentar el contacto directo entre los representantes municipales y los vecinos. En este sentido creemos que tambi\u00e9n es necesario facilitar las herramientas para qu\u00e9 todos puedan acceder a la informaci\u00f3n, los vecinos puedan recibir y conocer la rese\u00f1a de todo lo que acontece en su municipio. Al fin. \u00bfQu\u00e9 es lo que quieren los habitantes para su localidad y como lo quieren? Esa es la cuesti\u00f3n fundamental. Deber\u00e1n entonces los vecinos ser capaces de consensuar y ponerse de acuerdo en la elaboraci\u00f3n de cualquier Plan que propongan los gobernantes locales. Y, para ello, es imprescindible contar con todos en la adopci\u00f3n de una serie de iniciativas, promocionar adecuada y eficazmente la cultura local, el desarrollo socioecon\u00f3mico, en el \u00e1mbito del deporte, del medioambiental\u2026, foment\u00e1ndolos correctamente para generar riqueza y bienestar en la localidad; finalmente la casa de todos. Roberto Val Pardo DIRECTOR GENERAL Y EDITOR<\/p>\n","protected":false},"author":1,"featured_media":0,"parent":0,"menu_order":0,"comment_status":"closed","ping_status":"closed","template":"elementor_header_footer","meta":{"footnotes":""},"class_list":["post-1090","page","type-page","status-publish","hentry"],"_links":{"self":[{"href":"https:\/\/elmundodelosmunicipios.com\/web\/index.php?rest_route=\/wp\/v2\/pages\/1090","targetHints":{"allow":["GET"]}}],"collection":[{"href":"https:\/\/elmundodelosmunicipios.com\/web\/index.php?rest_route=\/wp\/v2\/pages"}],"about":[{"href":"https:\/\/elmundodelosmunicipios.com\/web\/index.php?rest_route=\/wp\/v2\/types\/page"}],"author":[{"embeddable":true,"href":"https:\/\/elmundodelosmunicipios.com\/web\/index.php?rest_route=\/wp\/v2\/users\/1"}],"replies":[{"embeddable":true,"href":"https:\/\/elmundodelosmunicipios.com\/web\/index.php?rest_route=%2Fwp%2Fv2%2Fcomments&post=1090"}],"version-history":[{"count":47,"href":"https:\/\/elmundodelosmunicipios.com\/web\/index.php?rest_route=\/wp\/v2\/pages\/1090\/revisions"}],"predecessor-version":[{"id":3275,"href":"https:\/\/elmundodelosmunicipios.com\/web\/index.php?rest_route=\/wp\/v2\/pages\/1090\/revisions\/3275"}],"wp:attachment":[{"href":"https:\/\/elmundodelosmunicipios.com\/web\/index.php?rest_route=%2Fwp%2Fv2%2Fmedia&parent=1090"}],"curies":[{"name":"wp","href":"https:\/\/api.w.org\/{rel}","templated":true}]}}